{"id":3,"date":"2021-05-17T19:20:06","date_gmt":"2021-05-17T19:20:06","guid":{"rendered":"http:\/\/54.37.10.165:8080\/?page_id=3"},"modified":"2024-02-08T07:45:29","modified_gmt":"2024-02-08T07:45:29","slug":"privacy-policy","status":"publish","type":"page","link":"https:\/\/www.finaepartners.com\/en\/privacy-policy\/","title":{"rendered":"Pol\u00edtica de Privacidad"},"content":{"rendered":"<section class=\"wpb-content-wrapper\"><p>[vc_row el_id=&#8221;legal-page-row&#8221;][vc_column width=&#8221;2\/3&#8243;][vc_column_text]<\/p>\n<h1><b>Pol\u00edtica de Privacidad<\/b><\/h1>\n<p>El objetivo de esta pol\u00edtica es informar a los interesados acerca de los distintos tratamientos realizados por esta organizaci\u00f3n mediante la p\u00e1gina web y que afecten a sus datos personales de conformidad con lo establecido en el Reglamento (UE) 2016\/679 del Parlamento Europeo y del Consejo de 27 de abril de 2016 y en la Ley Org\u00e1nica 3\/2018, de 5 de diciembre, de Protecci\u00f3n de Datos Personales y garant\u00eda de los derechos digitales.<\/p>\n<h2><b>Identificaci\u00f3n y datos de contacto del responsable<\/b><\/h2>\n<p>Empresa: Finae Partners, S.L. &#8211; CIF: B85784593, Dir. Postal: C\/ Pr\u00edncipe de Vergara, 43 planta 3\u00aa. \u2013 Ciudad: Madrid \u2013 CP: 28001, Tel\u00e9fono: 914355208, E-Mail: <a href=\"mailto:info@finaepartners.com\">info@finaepartners.com<\/a><\/p>\n<h2><b>Finalidades del tratamiento de sus datos personales<\/b><\/h2>\n<h2>Usuarios\/navegantes de la p\u00e1gina web del responsable<\/h2>\n<p>Trataremos los datos de car\u00e1cter personal facilitados para:<br \/>\nAtender a las solicitudes, quejas e incidencias trasladadas a trav\u00e9s de nuestros canales de contacto incorporados en la p\u00e1gina web.<br \/>\nEntender el comportamiento del navegante dentro de la web con el fin de detectar posibles ataques inform\u00e1ticos a nuestra web.<br \/>\nCumplir con las obligaciones legales que nos resulten directamente aplicables y regulen nuestra actividad.<br \/>\nProteger y ejercer nuestros derechos o responder ante reclamaciones de cualquier \u00edndole.<br \/>\nEn su caso, env\u00edo de comunicaciones comerciales relativas a los bienes o servicios que conforman nuestra actividad y\/o noticias o boletines relacionados con nuestro sector. Su negativa a facilitarnos la autorizaci\u00f3n implicar\u00e1 la imposibilidad de enviarle informaci\u00f3n por parte de la entidad.<br \/>\nEn su caso, gestionar su participaci\u00f3n en concursos y promociones que realice la entidad. Su negativa a facilitarnos la autorizaci\u00f3n implicar\u00e1 la imposibilidad de participar.<br \/>\nEn su caso, enviar encuestas de satisfacci\u00f3n y\/o calidad. Su negativa a facilitarnos la autorizaci\u00f3n implicar\u00e1 la imposibilidad de evaluar el servicio prestado.<\/p>\n<h2><b>Base jur\u00eddica del tratamiento<\/b><\/h2>\n<h2>Usuarios\/navegantes de la p\u00e1gina web del responsable<\/h2>\n<p>En el consentimiento que nos has prestado para tratar tus datos con las finalidades indicadas. La negativa a facilitar sus datos personales conllevara la imposibilidad de tratar sus datos con las finalidades mencionadas.<br \/>\nPara cumplir con las obligaciones legales que se nos aplican. En este caso, el interesado no podr\u00e1 negarse al tratamiento de los datos personales.<br \/>\nEn nuestro inter\u00e9s leg\u00edtimo de proteger nuestra imagen, negocio y trayectoria evitando ataques a nuestra p\u00e1gina web. En este caso, el interesado no podr\u00e1 negarse al tratamiento de los datos personales, aunque podr\u00e1 ejercer, en su caso, los derechos reconocidos en el apartado \u00abderechos\u00bb de la presente pol\u00edtica.<\/p>\n<h2><b>Complementos y herramientas del sitio web<\/b><\/h2>\n<h2>Captcha\/recaptcha<\/h2>\n<p>Utilizamos el servicio Google para detectar, en base al inter\u00e9s leg\u00edtimo, si el sitio web est\u00e1 siendo utilizado por bots, con la finalidad de proteger el portal y prevenir pr\u00e1cticas abusivas y fraudulentas, como el env\u00edo de spam.<br \/>\nPuede acceder a la pol\u00edtica de privacidad de nuestro proveedor haciendo clic <a href=\"https:\/\/policies.google.com\/privacy?hl=es\">aqu\u00ed<\/a><\/p>\n<h2>Google maps<\/h2>\n<p>Utilizamos Google Maps (API) con la finalidad demostrarle mapas interactivos directamente en nuestro sitio web y permitirle utilizar sus funciones. A estos efectos, debe tener en cuenta que, al utilizar el servicio, Google recabar\u00e1 y almacenar\u00e1 informaci\u00f3n sobre su uso. Le informamos que el uso de Google puede conllevar Transferencias Internacionales de Datos no basadas en una decisi\u00f3n de adecuaci\u00f3n de la Comisi\u00f3n Europea ni en el ofrecimiento de garant\u00edas adecuadas, por lo que, no cuentan con un nivel id\u00f3neo de protecci\u00f3n de conformidad con lo dispuesto por el RGPD. A los efectos oportunos, le informamos que este hecho puede conllevar ciertos riesgos para la protecci\u00f3n de sus datos de car\u00e1cter personal. Dichos riesgos derivados pueden incluir que no exista una autoridad supervisora de protecci\u00f3n equivalente y\/o unos principios de protecci\u00f3n de tratamiento de datos y\/o unos derechos de protecci\u00f3n de los interesados equivalentes. Por todo ello, le recomendamos que, de forma previa, lea detenidamente la pol\u00edtica de privacidad de nuestro proveedor haciendo clic &lt;\/a href=&#8221;https:\/\/policies.google.com\/privacy?hl=es&#8221;&gt;aqu\u00ed.<\/p>\n<h2><b>Plazos o criterios de conservaci\u00f3n de los datos<\/b><\/h2>\n<p>Los datos personales proporcionados se conservar\u00e1n durante el tiempo necesario para cumplir con las finalidades para los que fueron recopilados inicialmente.<\/p>\n<p>Una vez que los datos dejen de ser necesarios para el tratamiento en cuesti\u00f3n, estos se mantendr\u00e1n debidamente bloqueados para, en su caso, ponerlos a disposici\u00f3n de las Administraciones y Organismos P\u00fablicas competentes, Jueces y Tribunales o el Ministerio Fiscal, durante el plazo de prescripci\u00f3n de las acciones que pudieran derivarse de la relaci\u00f3n mantenida con el cliente y\/o los plazos de conservaci\u00f3n previstos legalmente.<\/p>\n<h2><b>Decisiones automatizados y elaboraci\u00f3n de perfiles<\/b><\/h2>\n<p>La p\u00e1gina web no toma decisiones automatizadas ni elabora perfiles.<\/p>\n<h2><b>Destinatarios<\/b><\/h2>\n<p>Durante el periodo de duraci\u00f3n del tratamiento de sus datos personales, la organizaci\u00f3n podr\u00e1 ceder sus datos a los siguientes destinatarios:<\/p>\n<p>Jueces y Tribunales.<br \/>\nFuerzas y Cuerpos de Seguridad del Estado.<br \/>\nOtras autoridades u organismos p\u00fablicos competentes, cuando el responsable tenga la obligaci\u00f3n legal de facilitar los datos personales.<br \/>\nEn su caso, a aquellos Encargados de Tratamiento que nos brinden servicios.<\/p>\n<h2><b>Transferencias internacionales de datos<\/b><\/h2>\n<p>La organizaci\u00f3n no realiza Transferencia Internacional de Datos alguna. En caso de que posteriormente fuera necesario realizar transferencias internacionales de datos, se verificar\u00e1 el grado de protecci\u00f3n del pa\u00eds de destino y se adoptar\u00e1n las garant\u00edas exigidas por la normativa.<\/p>\n<h2><b>Redes Sociales<\/b><\/h2>\n<p>Con la finalidad de hacerle part\u00edcipe de nuestra actividad, y de que pueda estar al tanto de nuestras novedades, le informamos de que FINAE PARTNERS SL tiene creado un perfil en las Redes Sociales.<\/p>\n<p>Todos los usuarios tienen la oportunidad de unirse a nuestras redes sociales o grupos. Sin embargo, debe tener en cuenta que, salvo que le solicitemos sus datos directamente (por ejemplo, mediante acciones de marketing, concursos, promociones, o cualquier otra forma v\u00e1lida), sus datos pertenecer\u00e1n a la Red Social correspondiente, por lo que le recomendamos que lea detenidamente sus condiciones de uso y pol\u00edticas de privacidad, as\u00ed como, se asegure de configurar sus preferencias en cuanto al tratamiento de los datos.<\/p>\n<p>A continuaci\u00f3n, detallamos el enlace a la pol\u00edtica de privacidad a las distintas Redes Sociales en las que tenemos presencia, para que pueda acceder en todo momento a las pol\u00edticas de privacidad y configurar su perfil para garantizar su privacidad:<\/p>\n<h2><b>Derechos<\/b><\/h2>\n<p>Los interesados podr\u00e1n solicitar m\u00e1s informaci\u00f3n acerca del tratamiento de sus datos personales as\u00ed como ejercer en cualquier momento y, de forma gratuita, los derechos de acceso, rectificaci\u00f3n y supresi\u00f3n, as\u00ed como solicitar que se limite el tratamiento de sus datos personales, oponerse al mismo, solicitar la portabilidad de estos (siempre que sea t\u00e9cnicamente posible) o retirar el consentimiento prestado y, en su caso, a no ser objeto de una decisi\u00f3n basada \u00fanicamente en un tratamiento automatizado, incluido la elaboraci\u00f3n de perfiles.<\/p>\n<p>Para ello podr\u00e1 emplear los formularios habilitados por la organizaci\u00f3n, o bien dirigir un escrito a la direcci\u00f3n postal o correo electr\u00f3nico referenciados en el encabezamiento. A los efectos oportunos, le informamos que se le podr\u00e1 solicitar su DNI o cualquier otro documento an\u00e1logo, con la finalidad de acreditar su identidad, siempre que ello no pueda realizarse por otros medios menos intrusivos.<\/p>\n<p>En caso de que sienta vulnerados sus derechos en lo concerniente a la protecci\u00f3n de sus datos personales, especialmente cuando no haya obtenido satisfacci\u00f3n en el ejercicio de sus derechos, puede presentar una reclamaci\u00f3n ante la Autoridad de Control en materia de Protecci\u00f3n de Datos competente (Agencia Espa\u00f1ola de Protecci\u00f3n de Datos), a trav\u00e9s de su sitio web www.aepd.es<\/p>\n<p>En cumplimiento de lo dispuesto en el art\u00edculo 21 de la Ley 34\/2002 de servicios de la sociedad de la informaci\u00f3n y comercio electr\u00f3nico, si usted no desea recibir m\u00e1s informaci\u00f3n sobre nuestros servicios, puede darse de baja Enviando un correo electr\u00f3nico a la direcci\u00f3n info@finaepartners.com, con asunto \u201cBAJAS\u201d Haciendo clic en el apartado del correo electr\u00f3nico &#8220;Darse de baja&#8221;. [***NOTA INTERNA: Adecuar]<\/p>\n<h2><b>Veracidad de los datos<\/b><\/h2>\n<p>El interesado garantiza que los datos aportados son verdaderos, exactos, completos y se encuentran actualizados; comprometi\u00e9ndose a informar de cualquier cambio respecto de los datos que aportara, por los canales habilitados al efecto e indicados en el punto uno de la presente pol\u00edtica. Ser\u00e1 responsable de cualquier da\u00f1o o perjuicio, tanto directo como indirecto, que pudiera ocasionar como consecuencia del incumplimiento de la presente obligaci\u00f3n.<\/p>\n<p>En el supuesto de que el usuario facilite datos de terceros, declara que cuenta con el consentimiento de los interesados y se compromete a trasladarle la informaci\u00f3n contenida en esta cl\u00e1usula, eximiendo a la organizaci\u00f3n de cualquier responsabilidad derivada por la falta de cumplimiento de la presente obligaci\u00f3n.<\/p>\n<h2><b>Modificaci\u00f3n y actualizaci\u00f3n<\/b><\/h2>\n<p>La presente pol\u00edtica de privacidad puede verse modificada\/actualizada en funci\u00f3n de las exigencias legales establecidas o con la finalidad de adaptar dicha pol\u00edtica a las instrucciones dictadas por la Agencia Espa\u00f1ola de Protecci\u00f3n de Datos, o a consecuencia de cambios en nuestro sitio web. Por esta raz\u00f3n, aconsejamos a los usuarios que visiten peri\u00f3dicamente nuestra Pol\u00edtica de Privacidad.<\/p>\n<p>Si tiene dudas acerca de esta pol\u00edtica, puede contactar con FINAE PARTNERS SL a trav\u00e9s de los formularios habilitados por la organizaci\u00f3n, o bien dirigir un escrito a la direcci\u00f3n postal o correo electr\u00f3nico referenciados en el encabezamiento.<\/p>\n<p>&nbsp;<\/p>\n<p>\u00daltima revisi\u00f3n 29 de Mayo de 2023[\/vc_column_text][\/vc_column][vc_column width=&#8221;1\/3&#8243;][\/vc_column][\/vc_row]<\/p>\n<\/section>","protected":false},"excerpt":{"rendered":"<p>[vc_row el_id=&#8221;legal-page-row&#8221;][vc_column width=&#8221;2\/3&#8243;][vc_column_text] Pol\u00edtica de Privacidad El objetivo de esta pol\u00edtica es informar a los interesados acerca de los distintos tratamientos realizados por esta organizaci\u00f3n mediante la p\u00e1gina web y [&hellip;]<\/p>\n","protected":false},"author":1,"featured_media":0,"parent":0,"menu_order":0,"comment_status":"closed","ping_status":"open","template":"","meta":{"footnotes":""},"_links":{"self":[{"href":"https:\/\/www.finaepartners.com\/en\/wp-json\/wp\/v2\/pages\/3"}],"collection":[{"href":"https:\/\/www.finaepartners.com\/en\/wp-json\/wp\/v2\/pages"}],"about":[{"href":"https:\/\/www.finaepartners.com\/en\/wp-json\/wp\/v2\/types\/page"}],"author":[{"embeddable":true,"href":"https:\/\/www.finaepartners.com\/en\/wp-json\/wp\/v2\/users\/1"}],"replies":[{"embeddable":true,"href":"https:\/\/www.finaepartners.com\/en\/wp-json\/wp\/v2\/comments?post=3"}],"version-history":[{"count":23,"href":"https:\/\/www.finaepartners.com\/en\/wp-json\/wp\/v2\/pages\/3\/revisions"}],"predecessor-version":[{"id":12962,"href":"https:\/\/www.finaepartners.com\/en\/wp-json\/wp\/v2\/pages\/3\/revisions\/12962"}],"wp:attachment":[{"href":"https:\/\/www.finaepartners.com\/en\/wp-json\/wp\/v2\/media?parent=3"}],"curies":[{"name":"wp","href":"https:\/\/api.w.org\/{rel}","templated":true}]}}