{"id":11707,"date":"2018-07-07T16:59:09","date_gmt":"2018-07-07T16:59:09","guid":{"rendered":"http:\/\/www.finaepartners.com\/proyectos\/"},"modified":"2024-02-06T07:38:18","modified_gmt":"2024-02-06T07:38:18","slug":"services","status":"publish","type":"page","link":"https:\/\/www.finaepartners.com\/en\/services\/","title":{"rendered":"Services"},"content":{"rendered":"<section class=\"wpb-content-wrapper\"><p>[vc_row full_width=&#8221;stretch_row_content&#8221; row_dynamic_height=&#8221;75&#8243; equal_height=&#8221;yes&#8221; css=&#8221;.vc_custom_1531405077294{background: #002e5b url(https:\/\/www.finaepartners.com\/wp-content\/uploads\/2018\/07\/finae_partners_proyects.jpg?id=11731) !important;background-position: center !important;background-repeat: no-repeat !important;background-size: cover !important;}&#8221; el_id=&#8221;main-header&#8221;][vc_column vertical_align=&#8221;center&#8221; transition_delay=&#8221;1250&#8243; css_padding=&#8221;:::::30::::::::::&#8221; offset=&#8221;vc_col-md-8&#8243;][vc_custom_heading text=&#8221;We maximize<br \/>\nthe value of your business&#8221; google_fonts=&#8221;font_family:Montserrat%3Aregular%2C700|font_style:700%20bold%20regular%3A700%3Anormal&#8221; font_container=&#8221;tag:h2|font_size:50|text_align:left|color:%23ffffff&#8221; font_title_responsive=&#8221;true&#8221; line_height_responsive=&#8221;120&#8243; mobile_align=&#8221;left&#8221;][\/vc_column][\/vc_row][vc_row el_id=&#8221;page-subtitle&#8221;][vc_column][vc_custom_heading text=&#8221;We help our customers tackle their key challenges and deliver sustainable improvements in their businesses&#8221; google_fonts=&#8221;font_family:Abril%20Fatface%3Aregular|font_style:400%20regular%3A400%3Anormal&#8221; font_container=&#8221;tag:h2|text_align:left&#8221;][\/vc_column][\/vc_row][vc_row el_id=&#8221;projects-intro-row&#8221;][vc_column width=&#8221;1\/2&#8243;][vc_column_text]We offer a range of services focused on finding solutions for our clients.\u00a0\u00a0 This includes financial advisory (financial reviews, business plans development, financial[\/vc_column_text][\/vc_column][vc_column width=&#8221;1\/2&#8243;][vc_column_text]restructuring, M&amp;A, search for funding) as well as advisory in other fields such as corporate governance and family business succession, change management and training.[\/vc_column_text][\/vc_column][\/vc_row][vc_row full_width=&#8221;stretch_row&#8221; css=&#8221;.vc_custom_1527331046152{background-color: #e9f0f2 !important;}&#8221; el_id=&#8221;projects-char-row&#8221;][vc_column][vc_single_image image=&#8221;12938&#8243; alignment=&#8221;center&#8221; onclick=&#8221;zoom&#8221;][\/vc_column][\/vc_row][vc_row el_id=&#8221;testimonial-item-row&#8221;][vc_column]<section class=\"testimonial-item testimonial-item-slider\"><ul class=\"owl-testimonials owl-carousel owl-hide-dots center testimonials slider-content rsCont\" data-autoslide=\"10000\">\n<li class=\"item\"><article>\n\t\n\t<div class=\"testimonial-content\">Finae Partners, por recomendaci\u00f3n de una de las empresas m\u00e1s importantes de nuestro sector, nos ha ayudado en varias ocasiones, la \u00faltima, la elaboraci\u00f3n de un pacto de socios tras un cambio generacional. Ahora, con una base s\u00f3lida y un ambiente de trabajo propicio, estamos centrados en hacer crecer nuestro negocio.<\/div>\n\t<div class=\"testimonial-vcard\"><div class=\"meta-inner\"><div class=\"col-table\"><div class=\"author-img \"><\/div><div class=\"\"><p class=\"text-primary\">Juan Carlos Galera - General Manager of Gamo Bah\u00eda<\/p><span class=\"text-secondary\">Corporate governance and family business<\/span><br \/><\/div><\/div><\/div><\/div>\n<\/article>\n<\/li><li class=\"item\"><article>\n\t\n\t<div class=\"testimonial-content\">Nuestra relaci\u00f3n con FINAE Partners comenz\u00f3 por recomendaci\u00f3n de terceros y hemos terminado siendo sus prescriptores. Trabajo profesional, profundizando en el conocimiento del negocio y con un rigor m\u00e1s all\u00e1 de lo exigido.<\/div>\n\t<div class=\"testimonial-vcard\"><div class=\"meta-inner\"><div class=\"col-table\"><div class=\"author-img \"><\/div><div class=\"\"><p class=\"text-primary\">Alex Rodr\u00edguez Molinuevo - General manager of Grupo Gaursa<\/p><span class=\"text-secondary\">Financial review and business plan<\/span><br \/><\/div><\/div><\/div><\/div>\n<\/article>\n<\/li><li class=\"item\"><article>\n\t\n\t<div class=\"testimonial-content\">Finae nos ha prestado un gran servicio, haciendo un diagn\u00f3stico detallado y muy acertado de la situaci\u00f3n de nuestro concesionario. Como resultado, nos han aportado la visi\u00f3n y las ideas que necesit\u00e1bamos para dise\u00f1ar e implantar de manera eficaz acciones de mejora en todos los niveles de la empresa y que ser\u00e1n fundamentales para consolidar una nueva estructura organizativa mucho m\u00e1s eficiente y sostenible; de la que ya estamos obteniendo los primeros frutos. Todo ello, con una excelente actitud en lo personal y en lo profesional, generando un ambiente de total confianza m\u00fatua y capacidad de adaptaci\u00f3n a nuestras necesidades y perfiles. \r\nEn definitiva, podemos recomendar con total seguridad el servicio que presta Finae Partners a todas las empresas que puedan necesitar un diagn\u00f3stico real de su situaci\u00f3n y la definici\u00f3n de planes de mejora que optimizar\u00e1n sin duda su funcionamiento, resultados y viabilidad a largo plazo.<\/div>\n\t<div class=\"testimonial-vcard\"><div class=\"meta-inner\"><div class=\"col-table\"><div class=\"author-img \"><\/div><div class=\"\"><p class=\"text-primary\">Xavier Mas Sanchis - Manager Remm Guitart<\/p><span class=\"text-secondary\">Financial review and business plan<\/span><br \/><\/div><\/div><\/div><\/div>\n<\/article>\n<\/li><li class=\"item\"><article>\n\t\n\t<div class=\"testimonial-content\">Finae Partners nos ha ayudado mucho en varias ocasiones durante nuestra estrategia de crecimiento. No solamente nos ha aportado un an\u00e1lisis financiero esencial en diversas operaciones, sino adem\u00e1s ha hecho posible dar pasos que aparentemente parec\u00edan imposibles, gracias a su empat\u00eda, honestidad y rigurosidad en el trabajo. Un aut\u00e9ntico placer trabajar con ellos.<\/div>\n\t<div class=\"testimonial-vcard\"><div class=\"meta-inner\"><div class=\"col-table\"><div class=\"author-img \"><\/div><div class=\"\"><p class=\"text-primary\">Juan Manuel Soler - President of Grupo Quadis<\/p><span class=\"text-secondary\">Mergers and acquisitions<\/span><br \/><\/div><\/div><\/div><\/div>\n<\/article>\n<\/li><li class=\"item\"><article>\n\t\n\t<div class=\"testimonial-content\">Finae Partners ha colaborado con nosotros de forma muy continuada desde que nos conocimos. Destacar\u00eda la empat\u00eda para tratar asuntos delicados y tambi\u00e9n la profundidad, precisi\u00f3n y globalidad de sus an\u00e1lisis, que expuestos de una manera sencilla nos han permitido ajustar muchos aspectos importantes de nuestra estrategia futura y de nuestro modelo de Gobierno. Sus aportaciones nos han ayudado mucho en nuestro desarrollo.<\/div>\n\t<div class=\"testimonial-vcard\"><div class=\"meta-inner\"><div class=\"col-table\"><div class=\"author-img \"><\/div><div class=\"\"><p class=\"text-primary\">Santiago Oliva - CEO Grupo Oliva<\/p><span class=\"text-secondary\">Strategy and corporate government<\/span><br \/><\/div><\/div><\/div><\/div>\n<\/article>\n<\/li><li class=\"item\"><article>\n\t\n\t<div class=\"testimonial-content\">Finae Partners ha colaborado con nosotros en momentos importantes de nuestro desarrollo, aport\u00e1ndonos mucho valor en temas financieros y de estrategia. Sus an\u00e1lisis han sido rigurosos y sencillos a la vez, y nos han dado pistas esenciales sobre el valor nuestro de grupo y los aspectos sobre los que trabajar para continuar consolid\u00e1ndolo.<\/div>\n\t<div class=\"testimonial-vcard\"><div class=\"meta-inner\"><div class=\"col-table\"><div class=\"author-img \"><\/div><div class=\"\"><p class=\"text-primary\">M Victoria Bartolom\u00e9 - Manager Aldauto Motor y Directora Financiera Grupo Bartolom\u00e9<\/p><span class=\"text-secondary\">Valuation<\/span><br \/><\/div><\/div><\/div><\/div>\n<\/article>\n<\/li><li class=\"item\"><article>\n\t\n\t<div class=\"testimonial-content\">La precisi\u00f3n, profundidad y al mismo tiempo simplicidad del trabajo financiero de Finae nos ha aportado mucho valor en el desarrollo de nuestras estrategias de futuro. Estamos muy satisfechos con sus aportaciones.<\/div>\n\t<div class=\"testimonial-vcard\"><div class=\"meta-inner\"><div class=\"col-table\"><div class=\"author-img \"><\/div><div class=\"\"><p class=\"text-primary\">Javier Roiz de la Parra - Manager and partner of Digasa, Jaguar Land Rover dealership<\/p><span class=\"text-secondary\">Financial review and business plan<\/span><br \/><\/div><\/div><\/div><\/div>\n<\/article>\n<\/li><li class=\"item\"><article>\n\t\n\t<div class=\"testimonial-content\">FINAE nos apoy\u00f3 en todo el proceso de venta de nuestra empresa familiar (concesionario de Mercedes-Benz en Cantabria). Destacar\u00eda su involucraci\u00f3n y rigurosidad, manteniendo siempre la discreci\u00f3n para llevar el proyecto con \u00e9xito hasta el final.<\/div>\n\t<div class=\"testimonial-vcard\"><div class=\"meta-inner\"><div class=\"col-table\"><div class=\"author-img \"><\/div><div class=\"\"><p class=\"text-primary\">Pedro Elorza - Ex-Managing Director of Seti\u00e9n y Herr\u00e1<\/p><span class=\"text-secondary\">Mergers and acquisitions<\/span><br \/><\/div><\/div><\/div><\/div>\n<\/article>\n<\/li><li class=\"item\"><article>\n\t\n\t<div class=\"testimonial-content\">Finae Partners nos ha ayudado much\u00edsimo en el proceso de venta de nuestra empresa familiar, conjugando sensibilidad y eficacia.<\/div>\n\t<div class=\"testimonial-vcard\"><div class=\"meta-inner\"><div class=\"col-table\"><div class=\"author-img \"><\/div><div class=\"\"><p class=\"text-primary\">Ram\u00f3n Renau - President of Agrocastalia<\/p><span class=\"text-secondary\">Mergers and acquisitions<\/span><br \/><\/div><\/div><\/div><\/div>\n<\/article>\n<\/li><li class=\"item\"><article>\n\t\n\t<div class=\"testimonial-content\">Uno de los asuntos m\u00e1s delicados de la historia de una compa\u00f1\u00eda es la transformaci\u00f3n del Gobierno Corporativo de la empresa cuando se quiere delegar a la siguiente generaci\u00f3n, y de Finae Partners quiero destacar su compromiso con llegar a la meta, la calidad de sus recomendaciones y su empat\u00eda con el equipo directivo, que es fundamental para que la transici\u00f3n sea fluida. Su trabajo nos ha permitido dar un gran paso adelante.<\/div>\n\t<div class=\"testimonial-vcard\"><div class=\"meta-inner\"><div class=\"col-table\"><div class=\"author-img \"><\/div><div class=\"\"><p class=\"text-primary\">Joaqu\u00edn Pons - President of Grup Pons Automoci\u00f3<\/p><span class=\"text-secondary\">Corporate governance and family business<\/span><br \/><\/div><\/div><\/div><\/div>\n<\/article>\n<\/li><\/ul>\n<\/section>[\/vc_column][\/vc_row]<\/p>\n<\/section>","protected":false},"excerpt":{"rendered":"<p>[vc_row full_width=&#8221;stretch_row_content&#8221; row_dynamic_height=&#8221;75&#8243; equal_height=&#8221;yes&#8221; css=&#8221;.vc_custom_1531405077294{background: #002e5b url(https:\/\/www.finaepartners.com\/wp-content\/uploads\/2018\/07\/finae_partners_proyects.jpg?id=11731) !important;background-position: center !important;background-repeat: no-repeat !important;background-size: cover !important;}&#8221; el_id=&#8221;main-header&#8221;][vc_column vertical_align=&#8221;center&#8221; transition_delay=&#8221;1250&#8243; css_padding=&#8221;:::::30::::::::::&#8221; offset=&#8221;vc_col-md-8&#8243;][vc_custom_heading text=&#8221;We maximize the value of your business&#8221; google_fonts=&#8221;font_family:Montserrat%3Aregular%2C700|font_style:700%20bold%20regular%3A700%3Anormal&#8221; font_container=&#8221;tag:h2|font_size:50|text_align:left|color:%23ffffff&#8221; font_title_responsive=&#8221;true&#8221; line_height_responsive=&#8221;120&#8243; [&hellip;]<\/p>\n","protected":false},"author":1,"featured_media":0,"parent":0,"menu_order":0,"comment_status":"closed","ping_status":"closed","template":"","meta":{"footnotes":""},"_links":{"self":[{"href":"https:\/\/www.finaepartners.com\/en\/wp-json\/wp\/v2\/pages\/11707"}],"collection":[{"href":"https:\/\/www.finaepartners.com\/en\/wp-json\/wp\/v2\/pages"}],"about":[{"href":"https:\/\/www.finaepartners.com\/en\/wp-json\/wp\/v2\/types\/page"}],"author":[{"embeddable":true,"href":"https:\/\/www.finaepartners.com\/en\/wp-json\/wp\/v2\/users\/1"}],"replies":[{"embeddable":true,"href":"https:\/\/www.finaepartners.com\/en\/wp-json\/wp\/v2\/comments?post=11707"}],"version-history":[{"count":23,"href":"https:\/\/www.finaepartners.com\/en\/wp-json\/wp\/v2\/pages\/11707\/revisions"}],"predecessor-version":[{"id":12940,"href":"https:\/\/www.finaepartners.com\/en\/wp-json\/wp\/v2\/pages\/11707\/revisions\/12940"}],"wp:attachment":[{"href":"https:\/\/www.finaepartners.com\/en\/wp-json\/wp\/v2\/media?parent=11707"}],"curies":[{"name":"wp","href":"https:\/\/api.w.org\/{rel}","templated":true}]}}